{"id":139,"date":"2019-03-15T12:27:50","date_gmt":"2019-03-15T11:27:50","guid":{"rendered":"http:\/\/nds-skiverband.bplaced.net\/wp\/?page_id=139"},"modified":"2021-03-11T15:15:21","modified_gmt":"2021-03-11T14:15:21","slug":"schulsport","status":"publish","type":"page","link":"https:\/\/nsv-ski.de\/?page_id=139","title":{"rendered":"Jugend-\/Schulsport"},"content":{"rendered":"\n<div class=\"wp-block-columns is-layout-flex wp-container-core-columns-is-layout-9d6595d7 wp-block-columns-is-layout-flex\">\n<div class=\"wp-block-column is-layout-flow wp-block-column-is-layout-flow\" style=\"flex-basis:100%\"><\/div>\n<\/div>\n\n\n\n<div class=\"wp-block-image\"><figure class=\"alignright size-large is-resized\"><img loading=\"lazy\" decoding=\"async\" src=\"https:\/\/nsv-ski.de\/wp-content\/uploads\/2021\/03\/Appel-NSV-1.jpg\" alt=\"\" class=\"wp-image-2060\" width=\"214\" height=\"284\"\/><figcaption>Guido Appel<br>(Referent Jugend- und Schulsport)<br>Telefon 0&#49;&#55;&#57;&#x2d;&#x36;&#x35;53&#54;&#55;&#x39;<br><a href=\"mailto:&#x73;&#x63;&#x68;&#x75;&#x6c;&#x73;&#x70;&#x6f;&#114;&#116;&#064;&#110;&#115;&#118;&#045;ausb&#x69;&#x6c;&#x64;&#x75;&#x6e;&#x67;&#x2e;&#x64;&#x65;\" data-type=\"mailto\" data-id=\"mailto:s&#099;&#104;&#x75;&#x6c;s&#112;&#111;&#x72;&#x74;&#x40;n&#115;&#118;&#x2d;&#x61;us&#098;&#x69;&#x6c;&#x64;u&#110;&#103;&#x2e;&#x64;e\">E-Mail<\/a><br><\/figcaption><\/figure><\/div>\n\n\n\n<p class=\"has-medium-font-size\">Schulskikurse bieten Sch\u00fclerinnen und <br>Sch\u00fclern die M\u00f6glichkeit, das Erlebnis Alpiner Skilauf im Rahmen eines schulisch organisierten Angebotes gemeinsam mit Mitsch\u00fclerinnen und -sch\u00fclern auszu\u00fcben und als M\u00f6glichkeit auch zuk\u00fcnftiger Freizeitgestaltung wertzusch\u00e4tzen. Die Sch\u00fclerinnen und Sch\u00fcler erleben die einzigartige Verbindung von sportlicher Leistung, Naturerlebnis und sozialer Komponente (Fahren in Gruppen, R\u00fccksichtnahme auf Mitsch\u00fcler, verantwortliches Verhalten auf der Piste, Gestalten gemeinsamer H\u00fcttenabende etc.). Durch dieses Gesamterlebnis wird das Gemeinschaftsgef\u00fchl der Sch\u00fclerinnen und Sch\u00fcler gleichzeitig gefordert und ausgepr\u00e4gt. Aus sportp\u00e4dagogischer Sicht werden nicht nur bewegungsbezogene Lernziele verfolgt, sondern in besonderem Ma\u00dfe die Pers\u00f6nlichkeitsentwicklung vorangetrieben, d.h. F\u00e4higkeiten zur Selbstbestimmung, Mitbestimmung und Solidarit\u00e4t geschult. Aus sportpsychologischer Sicht werden soziales, emotionales und physisches Selbstwirksamkeitserleben beim Skifahren gest\u00e4rkt.<\/p>\n\n\n\n\n\n<p><\/p>\n","protected":false},"excerpt":{"rendered":"<p>Schulskikurse bieten Sch\u00fclerinnen und Sch\u00fclern die M\u00f6glichkeit, das Erlebnis Alpiner Skilauf im Rahmen eines schulisch organisierten Angebotes gemeinsam mit Mitsch\u00fclerinnen und -sch\u00fclern auszu\u00fcben und als M\u00f6glichkeit auch zuk\u00fcnftiger Freizeitgestaltung wertzusch\u00e4tzen. Die Sch\u00fclerinnen und Sch\u00fcler erleben die einzigartige Verbindung von sportlicher Leistung, Naturerlebnis und sozialer Komponente (Fahren in Gruppen, R\u00fccksichtnahme auf Mitsch\u00fcler, verantwortliches Verhalten auf der [&hellip;]<\/p>\n","protected":false},"author":1,"featured_media":0,"parent":51,"menu_order":10,"comment_status":"closed","ping_status":"closed","template":"","meta":{"_mc_calendar":[],"footnotes":""},"coauthors":[18],"class_list":["post-139","page","type-page","status-publish","hentry"],"_links":{"self":[{"href":"https:\/\/nsv-ski.de\/index.php?rest_route=\/wp\/v2\/pages\/139","targetHints":{"allow":["GET"]}}],"collection":[{"href":"https:\/\/nsv-ski.de\/index.php?rest_route=\/wp\/v2\/pages"}],"about":[{"href":"https:\/\/nsv-ski.de\/index.php?rest_route=\/wp\/v2\/types\/page"}],"author":[{"embeddable":true,"href":"https:\/\/nsv-ski.de\/index.php?rest_route=\/wp\/v2\/users\/1"}],"replies":[{"embeddable":true,"href":"https:\/\/nsv-ski.de\/index.php?rest_route=%2Fwp%2Fv2%2Fcomments&post=139"}],"version-history":[{"count":14,"href":"https:\/\/nsv-ski.de\/index.php?rest_route=\/wp\/v2\/pages\/139\/revisions"}],"predecessor-version":[{"id":2075,"href":"https:\/\/nsv-ski.de\/index.php?rest_route=\/wp\/v2\/pages\/139\/revisions\/2075"}],"up":[{"embeddable":true,"href":"https:\/\/nsv-ski.de\/index.php?rest_route=\/wp\/v2\/pages\/51"}],"wp:attachment":[{"href":"https:\/\/nsv-ski.de\/index.php?rest_route=%2Fwp%2Fv2%2Fmedia&parent=139"}],"wp:term":[{"taxonomy":"author","embeddable":true,"href":"https:\/\/nsv-ski.de\/index.php?rest_route=%2Fwp%2Fv2%2Fcoauthors&post=139"}],"curies":[{"name":"wp","href":"https:\/\/api.w.org\/{rel}","templated":true}]}}