{"id":2168,"date":"2021-05-12T07:49:40","date_gmt":"2021-05-12T05:49:40","guid":{"rendered":"https:\/\/nsv-ski.de\/?page_id=2168"},"modified":"2021-09-15T10:44:42","modified_gmt":"2021-09-15T08:44:42","slug":"geschichte-des-umweltreferats","status":"publish","type":"page","link":"https:\/\/nsv-ski.de\/?page_id=2168","title":{"rendered":"Geschichte des Umweltreferats"},"content":{"rendered":"\n<div class=\"wp-block-image\"><figure class=\"alignright size-large is-resized\"><img loading=\"lazy\" decoding=\"async\" src=\"https:\/\/nsv-ski.de\/wp-content\/uploads\/2021\/05\/NSV-Umwelt.jpg\" alt=\"\" class=\"wp-image-2136\" width=\"239\" height=\"232\" srcset=\"https:\/\/nsv-ski.de\/wp-content\/uploads\/2021\/05\/NSV-Umwelt.jpg 352w, https:\/\/nsv-ski.de\/wp-content\/uploads\/2021\/05\/NSV-Umwelt-300x292.jpg 300w\" sizes=\"auto, (max-width: 239px) 100vw, 239px\" \/><\/figure><\/div>\n\n\n\n<p>Das Umweltreferat wurde im Nieders\u00e4chsichen Skiverband parallel zu den Vorbereitungen zur Gr\u00fcndung des Nds. Nationalparks Harz 1994 eingerichtet<\/p>\n\n\n\n<p>Als ersten Umweltreferent konnte der NSV der erfahrenen Forstwissenschaftler und langj\u00e4hrigen Leiter des Forstamtes Braunlage FOR Wolfgang Gremse (+) gewinnen. Wolfgang Gremse leistete bei Einrichtung des Referates mit seinen damaligen Verbindungen zu Umweltfachleuten des Deutschen Skiverbandes und aufgrund seiner Erfahrungen auch als Umweltbeauftragter des Reitsportverbandes Niedersachsen Pionierarbeit. Dies gilt auch f\u00fcr die Planung des Landesleistungszentrums in Sonnenberg als Ersatz f\u00fcr die Skisportanlagen am Bruchberg. Parallel zur Gr\u00fcndung des Nationalparks im nieders\u00e4chsischen Teil des Harzes imitierte er als Umweltreferent einen Umweltausschuss mit Vertretern Harzer Vereine und anderen Fachleuten.<\/p>\n","protected":false},"excerpt":{"rendered":"<p>Das Umweltreferat wurde im Nieders\u00e4chsichen Skiverband parallel zu den Vorbereitungen zur Gr\u00fcndung des Nds. Nationalparks Harz 1994 eingerichtet Als ersten Umweltreferent konnte der NSV der erfahrenen Forstwissenschaftler und langj\u00e4hrigen Leiter des Forstamtes Braunlage FOR Wolfgang Gremse (+) gewinnen. Wolfgang Gremse leistete bei Einrichtung des Referates mit seinen damaligen Verbindungen zu Umweltfachleuten des Deutschen Skiverbandes und [&hellip;]<\/p>\n","protected":false},"author":1,"featured_media":0,"parent":2134,"menu_order":8,"comment_status":"closed","ping_status":"closed","template":"","meta":{"_mc_calendar":[],"footnotes":""},"coauthors":[18],"class_list":["post-2168","page","type-page","status-publish","hentry"],"_links":{"self":[{"href":"https:\/\/nsv-ski.de\/index.php?rest_route=\/wp\/v2\/pages\/2168","targetHints":{"allow":["GET"]}}],"collection":[{"href":"https:\/\/nsv-ski.de\/index.php?rest_route=\/wp\/v2\/pages"}],"about":[{"href":"https:\/\/nsv-ski.de\/index.php?rest_route=\/wp\/v2\/types\/page"}],"author":[{"embeddable":true,"href":"https:\/\/nsv-ski.de\/index.php?rest_route=\/wp\/v2\/users\/1"}],"replies":[{"embeddable":true,"href":"https:\/\/nsv-ski.de\/index.php?rest_route=%2Fwp%2Fv2%2Fcomments&post=2168"}],"version-history":[{"count":2,"href":"https:\/\/nsv-ski.de\/index.php?rest_route=\/wp\/v2\/pages\/2168\/revisions"}],"predecessor-version":[{"id":2171,"href":"https:\/\/nsv-ski.de\/index.php?rest_route=\/wp\/v2\/pages\/2168\/revisions\/2171"}],"up":[{"embeddable":true,"href":"https:\/\/nsv-ski.de\/index.php?rest_route=\/wp\/v2\/pages\/2134"}],"wp:attachment":[{"href":"https:\/\/nsv-ski.de\/index.php?rest_route=%2Fwp%2Fv2%2Fmedia&parent=2168"}],"wp:term":[{"taxonomy":"author","embeddable":true,"href":"https:\/\/nsv-ski.de\/index.php?rest_route=%2Fwp%2Fv2%2Fcoauthors&post=2168"}],"curies":[{"name":"wp","href":"https:\/\/api.w.org\/{rel}","templated":true}]}}