{"id":41,"date":"2019-03-14T15:52:26","date_gmt":"2019-03-14T14:52:26","guid":{"rendered":"http:\/\/nds-skiverband.bplaced.net\/wp\/?page_id=41"},"modified":"2026-01-12T18:11:50","modified_gmt":"2026-01-12T17:11:50","slug":"die-organisation-des-verbandes","status":"publish","type":"page","link":"https:\/\/nsv-ski.de\/?page_id=41","title":{"rendered":"Die Organisation des Verbandes"},"content":{"rendered":"\n<h2 class=\"wp-block-heading\">Pr\u00e4sidium<\/h2>\n\n\n\n<figure class=\"wp-block-table is-style-stripes\"><table class=\"has-fixed-layout\"><tbody><tr><td>Pr\u00e4sident:<\/td><td>Jens Ackermann<\/td><td>&#8230;bitte \u00fcber Gesch\u00e4ftsstelle<\/td><\/tr><tr><td>Vizepr\u00e4sident Leistungssport \/ Wettkampfsport:<\/td><td>Ulrich Leismann<\/td><td><a href=\"mailto:&#110;&#x73;v&#045;&#x6c;e&#105;&#x73;m&#x61;&#x6e;&#110;&#x40;g&#109;&#x78;&#046;&#100;&#x65;\">eMail<\/a><\/td><\/tr><tr><td>Vizepr\u00e4sident Ausbildung \/ Breitensport:<\/td><td>Elea Sophie Erdtmann<\/td><td><a href=\"mailto:&#110;&#x73;v&#x2d;&#x65;&#114;&#x64;t&#x6d;&#x61;&#110;&#x6e;&#064;&#x74;&#x2d;&#111;&#x6e;l&#x69;&#x6e;&#101;&#x2e;d&#x65;\">eMail<\/a><\/td><\/tr><tr><td>Schatzmeister:<\/td><td>Mario Medico<\/td><td><a href=\"mailto:&#110;s&#x76;-&#x6d;e&#x64;&#105;&#x63;&#111;&#x40;&#116;-&#x6f;n&#x6c;i&#x6e;&#101;&#x2e;&#100;&#x65;\">eMail<\/a><\/td><\/tr><\/tbody><\/table><\/figure>\n\n\n\n<h2 class=\"wp-block-heading\">Gesch\u00e4ftsstelle<\/h2>\n\n\n\n<figure class=\"wp-block-table is-style-stripes\"><table class=\"has-fixed-layout\"><tbody><tr><td>Gesch\u00e4ftsstellenteam<br>Tel: 05323 9872440<\/td><td>Ulrike Schoof<br>Dennis Weihrauch<\/td><td><a href=\"mailto:&#x6e;&#x73;&#118;-&#x62;&#x75;&#101;ro&#x40;&#x74;&#045;o&#x6e;&#x6c;&#105;&#110;e&#x2e;&#x64;&#101;\">eMail<\/a><\/td><\/tr><\/tbody><\/table><\/figure>\n\n\n\n<h2 class=\"wp-block-heading\">Fachbereiche<\/h2>\n\n\n\n<figure class=\"wp-block-table is-style-stripes\"><table class=\"has-fixed-layout\"><thead><tr><th class=\"has-text-align-left\" data-align=\"left\">Leitungssport \/ Wettkampfsport<\/th><th>&nbsp;<\/th><th>&nbsp;<\/th><\/tr><\/thead><tbody><tr><td class=\"has-text-align-left\" data-align=\"left\">Sportwart Alpin<\/td><td>Henning R\u00f6bbel<\/td><td><a href=\"mailto:&#104;&#x65;n&#110;&#x69;n&#x67;&#x2e;&#114;&#x6f;e&#098;&#x62;e&#108;&#x40;&#116;&#x2d;o&#110;&#x6c;i&#110;&#x65;&#046;&#x64;&#x65;\">eMail<\/a><\/td><\/tr><tr><td class=\"has-text-align-left\" data-align=\"left\">Sportwart Biathlon<\/td><td>Dr. Sebastian R\u00f6thele<\/td><td><a href=\"mailto:&#110;&#x73;v&#045;&#x72;&#111;&#x65;t&#104;&#x65;l&#x65;&#x40;&#103;&#x6d;x&#046;&#x64;e\">eMail<\/a><\/td><\/tr><tr><td class=\"has-text-align-left\" data-align=\"left\">Sportwart Skilanglauf<\/td><td>Nico Hausmann<\/td><td><a href=\"mailto:&#104;&#x61;&#117;&#x73;&#109;&#x61;&#110;&#x6e;&#045;&#x6f;&#104;&#x61;&#064;&#x77;e&#x62;&#046;&#x64;e\">eMail<\/a><\/td><\/tr><tr><td class=\"has-text-align-left\" data-align=\"left\">Sportwart Skisprung\/Nordische Kombination<\/td><td>Jens Koch<\/td><td><a href=\"mailto:&#105;&#x6e;&#x66;o&#064;&#x6b;o&#099;&#x68;m&#097;&#x72;k&#101;&#x74;&#x69;&#110;&#x67;&#x2e;d&#101;\">eMail<\/a><\/td><\/tr><tr><td class=\"has-text-align-left\" data-align=\"left\">Sportwart Kampfrichter-Nordisch<\/td><td>Michael Schwarz<\/td><td><a href=\"mailto:&#x6d;&#x69;&#099;ha&#x65;&#x6c;&#045;&#115;c&#x68;&#x77;&#097;&#114;z&#x40;&#x67;&#x6d;&#120;&#046;d&#x65;\">eMail<\/a><\/td><\/tr><tr><td class=\"has-text-align-left\" data-align=\"left\">Sportwart Kampfrichter-Alpin<\/td><td>Kati R\u00f6bbel<\/td><td><a href=\"mailto:&#x4b;&#x61;&#x74;&#x69;&#x2e;&#x52;&#x6f;&#x65;&#098;&#098;&#101;&#108;&#064;&#116;&#045;onli&#x6e;&#x65;&#x2e;&#x64;&#x65;\">eMail<\/a><\/td><\/tr><tr><td class=\"has-text-align-left\" data-align=\"left\">Sportwart Kampfrichter-Biathlon<\/td><td>N.N.<\/td><td><\/td><\/tr><tr><td class=\"has-text-align-left\" data-align=\"left\">Sportwart Seniorensport Wettkampf<\/td><td>Dirk T\u00fcnnermann<\/td><td><a href=\"mailto:&#102;&#046;&#x74;u&#101;&#x6e;&#x6e;e&#114;&#x6d;&#x61;n&#110;&#x40;t&#045;&#x6f;&#x6e;l&#105;&#x6e;&#x65;&#046;&#100;&#x65;\">eMail<\/a><\/td><\/tr><\/tbody><\/table><\/figure>\n\n\n\n<figure class=\"wp-block-table is-style-stripes\"><table class=\"has-fixed-layout\"><thead><tr><th>Ausbildung \/ Breitensport<\/th><th>&nbsp;<\/th><th>&nbsp;<\/th><\/tr><\/thead><tbody><tr><td>Referent Alpin<\/td><td>Oliver Nie\u00df<\/td><td><a href=\"mailto:&#109;&#x61;&#105;&#x6c;&#064;&#x6e;s&#118;&#x2d;&#097;&#x75;s&#x62;i&#108;&#x64;&#117;&#x6e;g&#x2e;d&#101;\">eMail<\/a><\/td><\/tr><tr><td>Referent Snowboard<\/td><td>Christian Pfalzgraf<\/td><td><a href=\"mailto:&#x72;&#111;c&#x6b;&#097;&#110;&#x64;&#x73;&#110;o&#x77;&#064;w&#x65;&#x62;&#046;d&#x65;\">eMail<\/a><\/td><\/tr><tr><td>Referent Skitour<\/td><td>Christian Schomburg<\/td><td><a href=\"mailto:&#110;s&#x76;&#046;&#x73;k&#x69;&#116;&#x6f;&#117;&#x72;&#064;g&#x6f;o&#x67;l&#x65;&#109;&#x61;&#105;&#x6c;&#046;&#x63;&#111;m\">eMail<\/a><\/td><\/tr><tr><td>Referent DSV Skischulen im NSV<\/td><td>Jens Zeiler<\/td><td><a href=\"mailto:&#x6a;&#x65;&#110;s&#x7a;&#x65;&#x69;&#108;e&#x72;&#x40;&#x67;&#109;x&#x2e;&#x64;&#x65;\">eMail<\/a><\/td><\/tr><tr><td>Referent Nordic-Sports\/Langlauf<\/td><td>Michael Wildenhayn<\/td><td><a href=\"mailto:&#x6d;&#117;m&#x77;&#105;&#064;&#x6f;&#110;l&#x69;&#110;e&#x2e;&#100;e\">eMail<\/a><\/td><\/tr><tr><td>Referent Schulsport &#8211; Jugend<\/td><td>Guido Appel<\/td><td><a href=\"mailto:&#x67;&#117;i&#x64;&#x6f;&#046;a&#x70;&#x70;&#101;l&#x40;&#x67;&#109;x&#x2e;&#x64;&#101;\">eMail<\/a><\/td><\/tr><tr><td>Referent \u201eSchonskilauf Senioren\u201c<\/td><td>Peter Begemann<\/td><td><a href=\"mailto:&#x70;e&#x74;e&#x72;&#046;&#x62;&#101;g&#x65;m&#x61;&#110;&#x6e;&#064;&#x66;&#114;e&#x65;n&#x65;&#116;&#x2e;&#100;&#x65;\">eMail<\/a><\/td><\/tr><tr><td>&nbsp;<\/td><td>&nbsp;<\/td><td>&nbsp;<\/td><\/tr><\/tbody><\/table><\/figure>\n\n\n\n<figure class=\"wp-block-table is-style-stripes\"><table class=\"has-fixed-layout\"><thead><tr><th>weitere Beauftragte<\/th><th>&nbsp;<\/th><th>&nbsp;<\/th><\/tr><\/thead><tbody><tr><td>Umwelt<\/td><td>Lars Michel<\/td><td><a href=\"mailto:&#108;&#x61;r&#115;&#x2e;m&#105;&#x63;h&#101;&#x6c;&#064;&#116;&#x2d;&#111;&#x6e;&#x6c;&#105;&#x6e;&#x65;&#046;&#x64;e\">eMail<\/a><\/td><\/tr><tr><td>Presse und \u00d6ffentlichkeit<\/td><td>Eike Bruns<\/td><td><a href=\"mailto:&#x65;&#x69;&#x6b;&#x65;&#x2e;&#x62;&#x72;&#x75;&#x6e;&#x73;&#x40;&#x6d;&#x74;&#x6b;&#x31;&#x38;&#x38;&#x36;&#x2e;&#x64;&#x65;\">eMail<\/a><\/td><\/tr><tr><td>Anti-Doping<\/td><td>Fabian Hartig<\/td><td><a href=\"mailto:f&#097;&#098;&#x69;&#x61;&#x6e;h&#097;&#114;&#x74;&#x69;&#x67;&#064;g&#109;&#x78;&#x2e;&#x6e;et\">eMail<\/a><\/td><\/tr><tr><td>Leitung Sportst\u00e4tten Landesleistungszentrum Harz<\/td><td>Frank Leppla<\/td><td><a href=\"mailto:f&#114;&#097;&#110;&#x6b;&#x2e;&#x6c;ep&#112;&#108;&#x61;&#x40;&#x77;&#x65;b&#046;&#100;&#101;\">eMail<\/a><\/td><\/tr><\/tbody><\/table><\/figure>\n\n\n\n<figure class=\"wp-block-table is-style-stripes\"><table class=\"has-fixed-layout\"><thead><tr><th>weitere Ansprechpartner<\/th><th>&nbsp;<\/th><th>&nbsp;<\/th><\/tr><\/thead><tbody><tr><td>Leiterin Skiinternat<\/td><td>Anna Maschmann<\/td><td><\/td><\/tr><tr><td>Verbandstrainer Biathlon<\/td><td>Rico Uhlig<\/td><td><a href=\"mailto:&#x72;&#105;c&#x6f;&#x75;&#064;g&#x6d;&#120;&#046;&#x64;&#x65;\">eMail<\/a><\/td><\/tr><tr><td>Nachwuchstrainer Biathlon<\/td><td>Lisa Witten<\/td><td><\/td><\/tr><\/tbody><\/table><\/figure>\n","protected":false},"excerpt":{"rendered":"<p>Pr\u00e4sidium Pr\u00e4sident: Jens Ackermann &#8230;bitte \u00fcber Gesch\u00e4ftsstelle Vizepr\u00e4sident Leistungssport \/ Wettkampfsport: Ulrich Leismann eMail Vizepr\u00e4sident Ausbildung \/ Breitensport: Elea Sophie Erdtmann eMail Schatzmeister: Mario Medico eMail Gesch\u00e4ftsstelle Gesch\u00e4ftsstellenteamTel: 05323 9872440 Ulrike SchoofDennis Weihrauch eMail Fachbereiche Leitungssport \/ Wettkampfsport &nbsp; &nbsp; Sportwart Alpin Henning R\u00f6bbel eMail Sportwart Biathlon Dr. Sebastian R\u00f6thele eMail Sportwart Skilanglauf Nico Hausmann [&hellip;]<\/p>\n","protected":false},"author":1,"featured_media":0,"parent":32,"menu_order":4,"comment_status":"closed","ping_status":"closed","template":"","meta":{"_mc_calendar":[],"footnotes":""},"coauthors":[18],"class_list":["post-41","page","type-page","status-publish","hentry"],"_links":{"self":[{"href":"https:\/\/nsv-ski.de\/index.php?rest_route=\/wp\/v2\/pages\/41","targetHints":{"allow":["GET"]}}],"collection":[{"href":"https:\/\/nsv-ski.de\/index.php?rest_route=\/wp\/v2\/pages"}],"about":[{"href":"https:\/\/nsv-ski.de\/index.php?rest_route=\/wp\/v2\/types\/page"}],"author":[{"embeddable":true,"href":"https:\/\/nsv-ski.de\/index.php?rest_route=\/wp\/v2\/users\/1"}],"replies":[{"embeddable":true,"href":"https:\/\/nsv-ski.de\/index.php?rest_route=%2Fwp%2Fv2%2Fcomments&post=41"}],"version-history":[{"count":29,"href":"https:\/\/nsv-ski.de\/index.php?rest_route=\/wp\/v2\/pages\/41\/revisions"}],"predecessor-version":[{"id":4965,"href":"https:\/\/nsv-ski.de\/index.php?rest_route=\/wp\/v2\/pages\/41\/revisions\/4965"}],"up":[{"embeddable":true,"href":"https:\/\/nsv-ski.de\/index.php?rest_route=\/wp\/v2\/pages\/32"}],"wp:attachment":[{"href":"https:\/\/nsv-ski.de\/index.php?rest_route=%2Fwp%2Fv2%2Fmedia&parent=41"}],"wp:term":[{"taxonomy":"author","embeddable":true,"href":"https:\/\/nsv-ski.de\/index.php?rest_route=%2Fwp%2Fv2%2Fcoauthors&post=41"}],"curies":[{"name":"wp","href":"https:\/\/api.w.org\/{rel}","templated":true}]}}