{"id":95,"date":"2019-03-15T10:47:51","date_gmt":"2019-03-15T09:47:51","guid":{"rendered":"http:\/\/nds-skiverband.bplaced.net\/wp\/?page_id=95"},"modified":"2023-06-13T09:41:04","modified_gmt":"2023-06-13T07:41:04","slug":"ausbildung-snowboard","status":"publish","type":"page","link":"https:\/\/nsv-ski.de\/?page_id=95","title":{"rendered":"Ausbildung Snowboard"},"content":{"rendered":"\n<h1 class=\"wp-block-heading\">\u00dcber Uns<\/h1>\n\n\n<div class=\"wp-block-image\">\n<figure class=\"alignright is-resized\"><img loading=\"lazy\" decoding=\"async\" src=\"https:\/\/nsv-ski.de\/wp-content\/uploads\/2019\/03\/pfalzgraf_christian.jpg\" alt=\"\" class=\"wp-image-96\" width=\"167\" height=\"223\"\/><figcaption class=\"wp-element-caption\"><strong>Christian Pfalzgraf<\/strong><br>(Leiter Snowboard)<br> Bachstr.16<br>54346 Mehring<br>Telefon 0650&#50;&#45;&#57;&#53;&#32;&#x38;&#x39;&#x36;&#x39;&#x34;<br><a href=\"&#114;&#x6f;&#099;&#x6b;&#097;&#x6e;&#100;&#x73;&#110;&#x6f;&#119;&#x40;&#119;&#x65;&#098;&#x2e;&#100;&#x65;\">E-Mail<\/a><\/figcaption><\/figure>\n<\/div>\n\n\n<p>Das Landeslehrteam Snowboard bietet ambitionierten Snowboardern die M\u00f6glichkeit sich zum Trainer C und&nbsp;&nbsp;zum Trainer B Snowboard ausbilden zu lassen mit dem Ziel auf Vereinsebene die Wintersportart Snowboarding zu f\u00f6rdern. Dazu geh\u00f6ren Kursangebote f\u00fcr Anf\u00e4nger und Fortgeschrittene&nbsp;im Harz und in den Wintersportgebieten der Alpen im Rahmen von Vereinsfahrten oder auch die Organisation von Wettk\u00e4mpfen (Slopestyle, Snowboardcross, Slalom-Race). N\u00e4heres im Lehrgangskalender.<\/p>\n\n\n\n<p>Neben der Ausbildung bietet das Landeslehrteam Snowboard Fortbildungen zu aktuellen Themen an (z.B. Snowboarding im Schulsport, Thema Park &amp; Pipe, Freeriding etc.).<\/p>\n\n\n\n<h1 class=\"wp-block-heading\">Snowboard \u00dcbungsleiter Grundstufe<\/h1>\n\n\n\n<p>Mit den folgenden Informationen m\u00f6chten wir Dir den Einstieg in das Lehrwesen (Grundstufe) erl\u00e4utern. Durch Deine Ausbildung im NSV erh\u00e4ltst Du nach erfolgreichem Abschluss die Trainer C-Lizenz Breitensport (DSV-\u00dcbungsleiter-Grundstufe). Mit dieser kannst Du dann in Deinem Verein, bei einer Snowboard- oder Skischule oder einem Reiseveranstalter als Snowboard\u00fcbungsleiter arbeiten. In der Ausbildung werden Dir die wichtigen Aspekte eines modernen Snowboardunterrichtes fundiert vermittelt. Die Grundstufe ist die erste Ausbildungsstufe mit offiziellem DSV-Abschluss. Sie bef\u00e4higt im Besonderen zur Betreuung von Einsteigern (Anf\u00e4ngerunterricht) und Kindern. Der DSV-\u00dcbungsleiter Grundstufe darf nur innerhalb des gesicherten Pistenbereichs unterrichten.<\/p>\n\n\n\n<h1 class=\"wp-block-heading\">DSV Snowboard Instruktor<\/h1>\n\n\n\n<p>Ihr habt Erfahrungen im Snowboardunterricht gesammelt und m\u00f6chtet Euch nun weiterentwickeln? Nach erfolgreicher Teilnahme an der DSV-Grundstufenausbildung habt Ihr nun die M\u00f6glichkeit an der Ausbildung zum DSV-Instruktor teilzunehmen.<br><br> Der <strong>DSV-Instruktor<\/strong> ist f\u00fcr den Fortgeschrittenenunterricht f\u00fcr Kinder und Erwachsene ausgebildet. Die sportlichen Bereiche des Snowboarding werden focussiert und zudem werden die Demonstrationsf\u00e4higkeiten variabler als bei der Grundstufenausbildung abverlangt. Die Instructorausbildung hat keinen separaten Theorielehrgang.<br> Entsprechend den DOSB-Rahmenrichtlinien ist die Ausbildung abgestimmt auf Inhalte und Dauer der Ausbildung zum Trainer-B Breitensport. Die T\u00e4tigkeit umfasst die Mitgliederf\u00f6rderung und -bindung auf der Basis breitensportlich orientierter \u00dcbungs- und Trainingsangebote. Sie umfasst ferner die Gestaltung des sportartspezifischen Breitensports im unteren und mittleren Amateurwettkampfbereich, im au\u00dferschulischen Sportunterricht sowie in Kursangeboten anderer Institutionen.<br><br> Schwerpunkt der Ausbildung zum DSV-Instruktor ist der \u201ekomplette Snowboarder\u201c. Im Bereich der methodischen Kompetenz sollte er sich auf Basis der DSV-Grundstufe deutlich steigern und schwierigere Themen bearbeiten k\u00f6nnen.<br><br> Der DSV-Instruktor darf nur innerhalb des gesicherten Pistenbereichs unterrichten.<br> Die Ausbildung richtet sich nach dem DSV-Curriculum Ski Alpin.F\u00fcr die Aus-, Fort- und Weiterbildung der DSV Grundstufe und des DSV Instruktors ist der Landesskiverband zust\u00e4ndig.<\/p>\n\n\n\n<h3 class=\"wp-block-heading\">1. Zulassungsvoraussetzungen<\/h3>\n\n\n\n<ul class=\"wp-block-list\">\n<li>erfolgreicher Abschluss der Ausbildung DSV-Grundstufe<\/li>\n\n\n\n<li>Mitgliedschaft in einem Verein, der dem jeweiligen LSV angeschlossen ist<\/li>\n\n\n\n<li>Information an den Verein \u00fcber die Teilnahme an der Ausbildung<\/li>\n\n\n\n<li>Vollendung des 17. Lebensjahres<\/li>\n\n\n\n<li>Sportliches Fahrk\u00f6nnen und Vorerfahrung in den Bereichen Kicker und Rail<\/li>\n\n\n\n<li>Kenntnis der Anforderungen in den einzelnen Kompetenzbereichen<\/li>\n\n\n\n<li>Nachweis an der Teilnahme an einem \u201eErste-Hilfe-Grundausbildung\u201c gem\u00e4\u00df den \u201cGemeinsamen Grunds\u00e4tzen zur Aus- und Fortbildung in Erster Hilfe\u201d der Bundesarbeitsgemeinschaft Erste Hilfe, zum Zeitpunkt der Lizenzierung nicht \u00e4lter als zwei Jahre <strong>(Umfang aktuell 9 Lerneinheiten)<\/strong><\/li>\n\n\n\n<li><strong>NEU:<\/strong> Best\u00e4tigung der online DSV-Cardbeantragung oder g\u00fcltige DSV-Card<\/li>\n<\/ul>\n\n\n\n<div data-wp-interactive=\"core\/file\" class=\"wp-block-file\"><object data-wp-bind--hidden=\"!state.hasPdfPreview\" hidden class=\"wp-block-file__embed\" data=\"https:\/\/nsv-ski.de\/wp-content\/uploads\/2023\/06\/02-Ausschreibung_Osterlehrgang-Snowboard-2024.pdf\" type=\"application\/pdf\" style=\"width:100%;height:600px\" aria-label=\"Einbettung von 02-Ausschreibung_Osterlehrgang-Snowboard-2024.\"><\/object><a id=\"wp-block-file--media-d218739e-2bdb-4b1f-8867-61a7d0018baf\" href=\"https:\/\/nsv-ski.de\/wp-content\/uploads\/2023\/06\/02-Ausschreibung_Osterlehrgang-Snowboard-2024.pdf\">02-Ausschreibung_Osterlehrgang-Snowboard-2024<\/a><a href=\"https:\/\/nsv-ski.de\/wp-content\/uploads\/2023\/06\/02-Ausschreibung_Osterlehrgang-Snowboard-2024.pdf\" class=\"wp-block-file__button wp-element-button\" download aria-describedby=\"wp-block-file--media-d218739e-2bdb-4b1f-8867-61a7d0018baf\">Herunterladen<\/a><\/div>\n","protected":false},"excerpt":{"rendered":"<p>\u00dcber Uns Das Landeslehrteam Snowboard bietet ambitionierten Snowboardern die M\u00f6glichkeit sich zum Trainer C und&nbsp;&nbsp;zum Trainer B Snowboard ausbilden zu lassen mit dem Ziel auf Vereinsebene die Wintersportart Snowboarding zu f\u00f6rdern. Dazu geh\u00f6ren Kursangebote f\u00fcr Anf\u00e4nger und Fortgeschrittene&nbsp;im Harz und in den Wintersportgebieten der Alpen im Rahmen von Vereinsfahrten oder auch die Organisation von Wettk\u00e4mpfen [&hellip;]<\/p>\n","protected":false},"author":1,"featured_media":0,"parent":51,"menu_order":5,"comment_status":"closed","ping_status":"closed","template":"","meta":{"_mc_calendar":[],"footnotes":""},"coauthors":[18],"class_list":["post-95","page","type-page","status-publish","hentry"],"_links":{"self":[{"href":"https:\/\/nsv-ski.de\/index.php?rest_route=\/wp\/v2\/pages\/95","targetHints":{"allow":["GET"]}}],"collection":[{"href":"https:\/\/nsv-ski.de\/index.php?rest_route=\/wp\/v2\/pages"}],"about":[{"href":"https:\/\/nsv-ski.de\/index.php?rest_route=\/wp\/v2\/types\/page"}],"author":[{"embeddable":true,"href":"https:\/\/nsv-ski.de\/index.php?rest_route=\/wp\/v2\/users\/1"}],"replies":[{"embeddable":true,"href":"https:\/\/nsv-ski.de\/index.php?rest_route=%2Fwp%2Fv2%2Fcomments&post=95"}],"version-history":[{"count":5,"href":"https:\/\/nsv-ski.de\/index.php?rest_route=\/wp\/v2\/pages\/95\/revisions"}],"predecessor-version":[{"id":3721,"href":"https:\/\/nsv-ski.de\/index.php?rest_route=\/wp\/v2\/pages\/95\/revisions\/3721"}],"up":[{"embeddable":true,"href":"https:\/\/nsv-ski.de\/index.php?rest_route=\/wp\/v2\/pages\/51"}],"wp:attachment":[{"href":"https:\/\/nsv-ski.de\/index.php?rest_route=%2Fwp%2Fv2%2Fmedia&parent=95"}],"wp:term":[{"taxonomy":"author","embeddable":true,"href":"https:\/\/nsv-ski.de\/index.php?rest_route=%2Fwp%2Fv2%2Fcoauthors&post=95"}],"curies":[{"name":"wp","href":"https:\/\/api.w.org\/{rel}","templated":true}]}}